{"id":9060,"date":"2022-08-29T16:47:18","date_gmt":"2022-08-29T14:47:18","guid":{"rendered":"https:\/\/adamietz.waw.pl\/o-firmie\/"},"modified":"2022-08-29T16:47:18","modified_gmt":"2022-08-29T14:47:18","slug":"o-firmie","status":"publish","type":"page","link":"https:\/\/adamietz.waw.pl\/de\/o-firmie\/","title":{"rendered":"O firmie"},"content":{"rendered":"<div class=\"kotwica\" id=\"historia\"><\/div>\n\n\r\n<section class=\"main_block full_width_cont \">\r\n    <div class=\"main_block_inner \">\r\n    <div class=\"main_block_txt\">\r\n                    <div class=\"double_header\">\r\n                            <h3 class=\"double_header1\">HISTORIA<\/h3>\r\n                                <h2 class=\"double_header2\">ADAMIETZ WARSZAWA SP. Z O.O.<\/h3>\r\n                            <\/div>\r\n            <p>Jeste\u015bmy zespo\u0142em do\u015bwiadczonych i wykwalifikowanych specjalist\u00f3w w bran\u017cy budowlanej. Jako generalny wykonawca wznosimy na zlecenie Klienta funkcjonalne budynki u\u017cyteczno\u015bci publicznej, mieszkalne, obiekty medyczne a tak\u017ce przestrzenie przemys\u0142owe \u2014 od projektu po wyko\u0144czenie \u2013 bez wzgl\u0119du na charakter obiektu. Kreujemy przestrzenie \u0142\u0105cz\u0105c do\u015bwiadczenie i wiedz\u0119 z nowoczesnymi metodami projektowania w BIMie, co pozwala na bezkolizyjne planowanie procesu realizacji inwestycji.<\/p>\n    <\/div>\r\n    \r\n    <div class=\"main_block_img\">\r\n        <img decoding=\"async\" src=\"https:\/\/adamietz.waw.pl\/wp-content\/uploads\/2024\/01\/AdobeStock_266633507.jpeg\" alt=\"\">\r\n        \r\n            \r\n                   \r\n    <\/div>\r\n    <\/div>\r\n<\/section>\n\n\r\n<section class=\"main_block full_width_cont \">\r\n    <div class=\"main_block_inner flex_reverse\">\r\n    <div class=\"main_block_txt\">\r\n        <p>Gwarantujemy odpowiedzialne partnerstwo biznesowe, kt\u00f3re przek\u0142ada si\u0119 na najwy\u017csz\u0105 jako\u015b\u0107 prac budowlanych oraz terminowo\u015b\u0107 na ka\u017cdym etapie realizacji inwestycji. Nasze cele osi\u0105gamy dzi\u0119ki wysokiej klasy zespo\u0142owi oraz profesjonalizmowi, kt\u00f3ry odzwierciedla nasz\u0105 pasj\u0119 budowania opart\u0105 na do\u015bwiadczeniu, efektywno\u015bci dzia\u0142ania oraz na partnerskich relacjach z podwykonawcami. Wychodzimy naprzeciw oczekiwaniom naszych klient\u00f3w. Wyznaczamy nowe trendy w budownictwie wprowadzaj\u0105c innowacyjne rozwi\u0105zania a stawiaj\u0105c na nieszablonowe podej\u015bcie pokazujemy, \u017ce nie ma dla nas rzeczy niemo\u017cliwych \u2013 ADAMIETZ Warszawa.<\/p>\n    <\/div>\r\n    \r\n    <div class=\"main_block_img\">\r\n        <img decoding=\"async\" src=\"https:\/\/adamietz.waw.pl\/wp-content\/uploads\/2023\/11\/22.png\" alt=\"\">\r\n        \r\n            \r\n                   \r\n    <\/div>\r\n    <\/div>\r\n<\/section>\n\n<div class=\"kotwica\" id=\"misja-i-wizja\"><\/div>\n\n        <div class=\"double_header\">\r\n                    <h3 class=\"double_header1\">O FIRMIE<\/h3>\r\n                        <h2 class=\"double_header2\">Nasza misja<\/h3>\r\n                    <\/div>\r\n        \n\n\n<section class=\"cytat_cont full_width_cont \">\n    <div class=\"full_width_cont_inner\">\n        <div class=\"\">\n        Kreujemy najwy\u017csze standardy jako\u015bci na rynkach krajowych i zagranicznych. \r\nBudujemy z dba\u0142o\u015bci\u0105 o zadowolenie Klienta, podchodz\u0105c indywidualnie do realizacji ka\u017cdego projektu. Z dum\u0105 czerpiemy \r\nsi\u0142\u0119 z naszych korzeni, stawiaj\u0105c na rozw\u00f3j potencja\u0142u naszych pracownik\u00f3w i dbaj\u0105c o \u015brodowisko dla przysz\u0142ych pokole\u0144.        <div class=\"cytat_cont_imgs\">\n            \t\t\t\t<div style=\"\"><img decoding=\"async\" src=\"https:\/\/adamietz.waw.pl\/wp-content\/uploads\/2023\/09\/06-rece.png\" alt=\"\"><\/div>\n                \t\t\t\t<div style=\"\"><img decoding=\"async\" src=\"https:\/\/adamietz.waw.pl\/wp-content\/uploads\/2023\/10\/08-ekierka.png\" alt=\"\"><\/div>\n                \t\t\t\t<div style=\"\"><img decoding=\"async\" src=\"https:\/\/adamietz.waw.pl\/wp-content\/uploads\/2023\/10\/09-ziemia.png\" alt=\"\"><\/div>\n                            \n            \n            \n        <\/div>\n    <\/div>\n    <\/div>\n<\/section>\n\n        <div class=\"double_header\">\r\n                    <h3 class=\"double_header1\">O FIRMIE<\/h3>\r\n                        <h2 class=\"double_header2\">Nasza wizja<\/h3>\r\n                    <\/div>\r\n        \n\n\n<section class=\"cytat_cont full_width_cont \">\n    <div class=\"full_width_cont_inner\">\n        <div class=\"\">\n        Naszym najwa\u017cniejszym zasobem jest cz\u0142owiek. Wierzymy w potencja\u0142 pracownik\u00f3w, kt\u00f3rzy z kreatywno\u015bci\u0105 i \r\nzaanga\u017cowaniem wykorzystuj\u0105 i rozwijaj\u0105 specjalistyczn\u0105 wiedz\u0119. W oparciu o do\u015bwiadczenie i kompleksowo\u015b\u0107 us\u0142ug \r\nbudujemy pozycj\u0119 zaufanego partnera o globalnym zasi\u0119gu, kt\u00f3ry swoje relacje z klientami opiera na zaufaniu i gwarancji \r\nnajwy\u017cszej jako\u015bci.        <div class=\"cytat_cont_imgs\">\n            \t\t\t\t<div style=\"\"><img decoding=\"async\" src=\"https:\/\/adamietz.waw.pl\/wp-content\/uploads\/2023\/09\/07-kask.png\" alt=\"\"><\/div>\n                \t\t\t\t<div style=\"\"><img decoding=\"async\" src=\"https:\/\/adamietz.waw.pl\/wp-content\/uploads\/2023\/10\/08-ekierka.png\" alt=\"\"><\/div>\n                \t\t\t\t<div style=\"\"><img decoding=\"async\" src=\"https:\/\/adamietz.waw.pl\/wp-content\/uploads\/2023\/10\/04-gwiazdki.png\" alt=\"\"><\/div>\n                            \n            \n            \n        <\/div>\n    <\/div>\n    <\/div>\n<\/section>\n\n<div class=\"kotwica\" id=\"wartosci\"><\/div>\n\n        <div class=\"double_header\">\r\n                    <h3 class=\"double_header1\">O FIRMIE<\/h3>\r\n                        <h2 class=\"double_header2\">Nasze warto\u015bci<\/h3>\r\n                    <\/div>\r\n        \n\n<section class=\"wartosci_cont\">\r\n                <div class=\"wartosc_block\">\r\n                <div class=\"wartosc_block_inner\">\r\n                    \r\n                        <img decoding=\"async\" src=\"https:\/\/adamietz.waw.pl\/wp-content\/uploads\/2023\/10\/04-gwiazdki.png\" alt=\"https:\/\/adamietz.waw.pl\/wp-content\/uploads\/2023\/10\/04-gwiazdki.png\">\r\n                        <p>Do\u015bwiadczenie<\/p>\r\n                    \r\n                    \r\n                <\/div>\r\n            <\/div>\r\n                        <div class=\"wartosc_block\">\r\n                <div class=\"wartosc_block_inner\">\r\n                    \r\n                        <img decoding=\"async\" src=\"https:\/\/adamietz.waw.pl\/wp-content\/uploads\/2023\/10\/01-cyrkiel.png\" alt=\"https:\/\/adamietz.waw.pl\/wp-content\/uploads\/2023\/10\/01-cyrkiel.png\">\r\n                        <p>Kompleksowo\u015b\u0107<\/p>\r\n                    \r\n                    \r\n                <\/div>\r\n            <\/div>\r\n                        <div class=\"wartosc_block\">\r\n                <div class=\"wartosc_block_inner\">\r\n                    \r\n                        <img decoding=\"async\" src=\"https:\/\/adamietz.waw.pl\/wp-content\/uploads\/2023\/09\/07-kask.png\" alt=\"https:\/\/adamietz.waw.pl\/wp-content\/uploads\/2023\/09\/07-kask.png\">\r\n                        <p>Fachowo\u015b\u0107<\/p>\r\n                    \r\n                    \r\n                <\/div>\r\n            <\/div>\r\n                        <div class=\"wartosc_block\">\r\n                <div class=\"wartosc_block_inner\">\r\n                    \r\n                        <img decoding=\"async\" src=\"https:\/\/adamietz.waw.pl\/wp-content\/uploads\/2023\/09\/06-rece.png\" alt=\"https:\/\/adamietz.waw.pl\/wp-content\/uploads\/2023\/09\/06-rece.png\">\r\n                        <p>Uczciwo\u015b\u0107<\/p>\r\n                    \r\n                    \r\n                <\/div>\r\n            <\/div>\r\n                        <div class=\"wartosc_block\">\r\n                <div class=\"wartosc_block_inner\">\r\n                    \r\n                        <img decoding=\"async\" src=\"https:\/\/adamietz.waw.pl\/wp-content\/uploads\/2023\/10\/02-globus.png\" alt=\"https:\/\/adamietz.waw.pl\/wp-content\/uploads\/2023\/10\/02-globus.png\">\r\n                        <p>Troska o \u015brodowisko<\/p>\r\n                    \r\n                    \r\n                <\/div>\r\n            <\/div>\r\n                        <div class=\"wartosc_block\">\r\n                <div class=\"wartosc_block_inner\">\r\n                    \r\n                        <img decoding=\"async\" src=\"https:\/\/adamietz.waw.pl\/wp-content\/uploads\/2023\/10\/05-cel.png\" alt=\"https:\/\/adamietz.waw.pl\/wp-content\/uploads\/2023\/10\/05-cel.png\">\r\n                        <p>Efektywno\u015b\u0107<\/p>\r\n                    \r\n                    \r\n                <\/div>\r\n            <\/div>\r\n                        <div class=\"wartosc_block\">\r\n                <div class=\"wartosc_block_inner\">\r\n                    \r\n                        <img decoding=\"async\" src=\"https:\/\/adamietz.waw.pl\/wp-content\/uploads\/2023\/10\/08-ekierka.png\" alt=\"https:\/\/adamietz.waw.pl\/wp-content\/uploads\/2023\/10\/08-ekierka.png\">\r\n                        <p>Elastyczno\u015b\u0107<\/p>\r\n                    \r\n                    \r\n                <\/div>\r\n            <\/div>\r\n                        <div class=\"wartosc_block\">\r\n                <div class=\"wartosc_block_inner\">\r\n                    \r\n                        <img decoding=\"async\" src=\"https:\/\/adamietz.waw.pl\/wp-content\/uploads\/2023\/10\/09-ziemia.png\" alt=\"https:\/\/adamietz.waw.pl\/wp-content\/uploads\/2023\/10\/09-ziemia.png\">\r\n                        <p>Zaanga\u017cowanie<\/p>\r\n                    \r\n                    \r\n                <\/div>\r\n            <\/div>\r\n            <\/section>\n\n<div class=\"kotwica\" id=\"nagrody\"><\/div>\n\n<div class=\"kotwica\" id=\"poza-praca\"><\/div>","protected":false},"excerpt":{"rendered":"","protected":false},"author":21,"featured_media":8528,"parent":0,"menu_order":0,"comment_status":"closed","ping_status":"closed","template":"","meta":{"_acf_changed":false,"inline_featured_image":false,"footnotes":""},"class_list":["post-9060","page","type-page","status-publish","has-post-thumbnail","hentry"],"acf":[],"yoast_head":"<!-- This site is optimized with the Yoast SEO plugin v27.5 - https:\/\/yoast.com\/product\/yoast-seo-wordpress\/ -->\n<title>O firmie - Adamietz Warszawa<\/title>\n<meta name=\"robots\" content=\"index, follow, max-snippet:-1, max-image-preview:large, max-video-preview:-1\" \/>\n<link rel=\"canonical\" href=\"https:\/\/adamietz.waw.pl\/de\/o-firmie\/\" \/>\n<meta property=\"og:locale\" content=\"de_DE\" \/>\n<meta property=\"og:type\" content=\"article\" \/>\n<meta property=\"og:title\" content=\"O firmie - Adamietz Warszawa\" \/>\n<meta property=\"og:url\" content=\"https:\/\/adamietz.waw.pl\/de\/o-firmie\/\" \/>\n<meta property=\"og:site_name\" content=\"Adamietz Warszawa\" \/>\n<meta property=\"og:image\" content=\"https:\/\/adamietz.waw.pl\/wp-content\/uploads\/2023\/09\/Rectangle-35-1.png\" \/>\n\t<meta property=\"og:image:width\" content=\"1920\" \/>\n\t<meta property=\"og:image:height\" content=\"464\" \/>\n\t<meta property=\"og:image:type\" content=\"image\/png\" \/>\n<meta name=\"twitter:card\" content=\"summary_large_image\" \/>\n<script type=\"application\/ld+json\" class=\"yoast-schema-graph\">{\"@context\":\"https:\\\/\\\/schema.org\",\"@graph\":[{\"@type\":\"WebPage\",\"@id\":\"https:\\\/\\\/adamietz.waw.pl\\\/de\\\/o-firmie\\\/\",\"url\":\"https:\\\/\\\/adamietz.waw.pl\\\/de\\\/o-firmie\\\/\",\"name\":\"O firmie - Adamietz Warszawa\",\"isPartOf\":{\"@id\":\"https:\\\/\\\/adamietz.waw.pl\\\/#website\"},\"primaryImageOfPage\":{\"@id\":\"https:\\\/\\\/adamietz.waw.pl\\\/de\\\/o-firmie\\\/#primaryimage\"},\"image\":{\"@id\":\"https:\\\/\\\/adamietz.waw.pl\\\/de\\\/o-firmie\\\/#primaryimage\"},\"thumbnailUrl\":\"https:\\\/\\\/adamietz.waw.pl\\\/wp-content\\\/uploads\\\/2023\\\/09\\\/Rectangle-35-1.png\",\"datePublished\":\"2022-08-29T14:47:18+00:00\",\"breadcrumb\":{\"@id\":\"https:\\\/\\\/adamietz.waw.pl\\\/de\\\/o-firmie\\\/#breadcrumb\"},\"inLanguage\":\"de\",\"potentialAction\":[{\"@type\":\"ReadAction\",\"target\":[\"https:\\\/\\\/adamietz.waw.pl\\\/de\\\/o-firmie\\\/\"]}]},{\"@type\":\"ImageObject\",\"inLanguage\":\"de\",\"@id\":\"https:\\\/\\\/adamietz.waw.pl\\\/de\\\/o-firmie\\\/#primaryimage\",\"url\":\"https:\\\/\\\/adamietz.waw.pl\\\/wp-content\\\/uploads\\\/2023\\\/09\\\/Rectangle-35-1.png\",\"contentUrl\":\"https:\\\/\\\/adamietz.waw.pl\\\/wp-content\\\/uploads\\\/2023\\\/09\\\/Rectangle-35-1.png\",\"width\":1920,\"height\":464},{\"@type\":\"BreadcrumbList\",\"@id\":\"https:\\\/\\\/adamietz.waw.pl\\\/de\\\/o-firmie\\\/#breadcrumb\",\"itemListElement\":[{\"@type\":\"ListItem\",\"position\":1,\"name\":\"Strona g\u0142\u00f3wna\",\"item\":\"https:\\\/\\\/adamietz.waw.pl\\\/de\\\/\"},{\"@type\":\"ListItem\",\"position\":2,\"name\":\"O firmie\"}]},{\"@type\":\"WebSite\",\"@id\":\"https:\\\/\\\/adamietz.waw.pl\\\/#website\",\"url\":\"https:\\\/\\\/adamietz.waw.pl\\\/\",\"name\":\"Adamietz Warszawa\",\"description\":\"Obs\u0142uga inwestycji budowlanych, konstrukcje stalowe, generalne wykonawstwo, budowa hal\",\"publisher\":{\"@id\":\"https:\\\/\\\/adamietz.waw.pl\\\/#organization\"},\"potentialAction\":[{\"@type\":\"SearchAction\",\"target\":{\"@type\":\"EntryPoint\",\"urlTemplate\":\"https:\\\/\\\/adamietz.waw.pl\\\/?s={search_term_string}\"},\"query-input\":{\"@type\":\"PropertyValueSpecification\",\"valueRequired\":true,\"valueName\":\"search_term_string\"}}],\"inLanguage\":\"de\"},{\"@type\":\"Organization\",\"@id\":\"https:\\\/\\\/adamietz.waw.pl\\\/#organization\",\"name\":\"Adamietz Warszawa\",\"url\":\"https:\\\/\\\/adamietz.waw.pl\\\/\",\"logo\":{\"@type\":\"ImageObject\",\"inLanguage\":\"de\",\"@id\":\"https:\\\/\\\/adamietz.waw.pl\\\/#\\\/schema\\\/logo\\\/image\\\/\",\"url\":\"https:\\\/\\\/adamietz.waw.pl\\\/wp-content\\\/uploads\\\/2024\\\/02\\\/adamietz_logo_warszawa_granat.svg\",\"contentUrl\":\"https:\\\/\\\/adamietz.waw.pl\\\/wp-content\\\/uploads\\\/2024\\\/02\\\/adamietz_logo_warszawa_granat.svg\",\"width\":238,\"height\":39,\"caption\":\"Adamietz Warszawa\"},\"image\":{\"@id\":\"https:\\\/\\\/adamietz.waw.pl\\\/#\\\/schema\\\/logo\\\/image\\\/\"}}]}<\/script>\n<!-- \/ Yoast SEO plugin. -->","yoast_head_json":{"title":"O firmie - Adamietz Warszawa","robots":{"index":"index","follow":"follow","max-snippet":"max-snippet:-1","max-image-preview":"max-image-preview:large","max-video-preview":"max-video-preview:-1"},"canonical":"https:\/\/adamietz.waw.pl\/de\/o-firmie\/","og_locale":"de_DE","og_type":"article","og_title":"O firmie - Adamietz Warszawa","og_url":"https:\/\/adamietz.waw.pl\/de\/o-firmie\/","og_site_name":"Adamietz Warszawa","og_image":[{"width":1920,"height":464,"url":"https:\/\/adamietz.waw.pl\/wp-content\/uploads\/2023\/09\/Rectangle-35-1.png","type":"image\/png"}],"twitter_card":"summary_large_image","schema":{"@context":"https:\/\/schema.org","@graph":[{"@type":"WebPage","@id":"https:\/\/adamietz.waw.pl\/de\/o-firmie\/","url":"https:\/\/adamietz.waw.pl\/de\/o-firmie\/","name":"O firmie - Adamietz Warszawa","isPartOf":{"@id":"https:\/\/adamietz.waw.pl\/#website"},"primaryImageOfPage":{"@id":"https:\/\/adamietz.waw.pl\/de\/o-firmie\/#primaryimage"},"image":{"@id":"https:\/\/adamietz.waw.pl\/de\/o-firmie\/#primaryimage"},"thumbnailUrl":"https:\/\/adamietz.waw.pl\/wp-content\/uploads\/2023\/09\/Rectangle-35-1.png","datePublished":"2022-08-29T14:47:18+00:00","breadcrumb":{"@id":"https:\/\/adamietz.waw.pl\/de\/o-firmie\/#breadcrumb"},"inLanguage":"de","potentialAction":[{"@type":"ReadAction","target":["https:\/\/adamietz.waw.pl\/de\/o-firmie\/"]}]},{"@type":"ImageObject","inLanguage":"de","@id":"https:\/\/adamietz.waw.pl\/de\/o-firmie\/#primaryimage","url":"https:\/\/adamietz.waw.pl\/wp-content\/uploads\/2023\/09\/Rectangle-35-1.png","contentUrl":"https:\/\/adamietz.waw.pl\/wp-content\/uploads\/2023\/09\/Rectangle-35-1.png","width":1920,"height":464},{"@type":"BreadcrumbList","@id":"https:\/\/adamietz.waw.pl\/de\/o-firmie\/#breadcrumb","itemListElement":[{"@type":"ListItem","position":1,"name":"Strona g\u0142\u00f3wna","item":"https:\/\/adamietz.waw.pl\/de\/"},{"@type":"ListItem","position":2,"name":"O firmie"}]},{"@type":"WebSite","@id":"https:\/\/adamietz.waw.pl\/#website","url":"https:\/\/adamietz.waw.pl\/","name":"Adamietz Warszawa","description":"Obs\u0142uga inwestycji budowlanych, konstrukcje stalowe, generalne wykonawstwo, budowa hal","publisher":{"@id":"https:\/\/adamietz.waw.pl\/#organization"},"potentialAction":[{"@type":"SearchAction","target":{"@type":"EntryPoint","urlTemplate":"https:\/\/adamietz.waw.pl\/?s={search_term_string}"},"query-input":{"@type":"PropertyValueSpecification","valueRequired":true,"valueName":"search_term_string"}}],"inLanguage":"de"},{"@type":"Organization","@id":"https:\/\/adamietz.waw.pl\/#organization","name":"Adamietz Warszawa","url":"https:\/\/adamietz.waw.pl\/","logo":{"@type":"ImageObject","inLanguage":"de","@id":"https:\/\/adamietz.waw.pl\/#\/schema\/logo\/image\/","url":"https:\/\/adamietz.waw.pl\/wp-content\/uploads\/2024\/02\/adamietz_logo_warszawa_granat.svg","contentUrl":"https:\/\/adamietz.waw.pl\/wp-content\/uploads\/2024\/02\/adamietz_logo_warszawa_granat.svg","width":238,"height":39,"caption":"Adamietz Warszawa"},"image":{"@id":"https:\/\/adamietz.waw.pl\/#\/schema\/logo\/image\/"}}]}},"_links":{"self":[{"href":"https:\/\/adamietz.waw.pl\/de\/wp-json\/wp\/v2\/pages\/9060","targetHints":{"allow":["GET"]}}],"collection":[{"href":"https:\/\/adamietz.waw.pl\/de\/wp-json\/wp\/v2\/pages"}],"about":[{"href":"https:\/\/adamietz.waw.pl\/de\/wp-json\/wp\/v2\/types\/page"}],"author":[{"embeddable":true,"href":"https:\/\/adamietz.waw.pl\/de\/wp-json\/wp\/v2\/users\/21"}],"replies":[{"embeddable":true,"href":"https:\/\/adamietz.waw.pl\/de\/wp-json\/wp\/v2\/comments?post=9060"}],"version-history":[{"count":0,"href":"https:\/\/adamietz.waw.pl\/de\/wp-json\/wp\/v2\/pages\/9060\/revisions"}],"wp:featuredmedia":[{"embeddable":true,"href":"https:\/\/adamietz.waw.pl\/de\/wp-json\/wp\/v2\/media\/8528"}],"wp:attachment":[{"href":"https:\/\/adamietz.waw.pl\/de\/wp-json\/wp\/v2\/media?parent=9060"}],"curies":[{"name":"wp","href":"https:\/\/api.w.org\/{rel}","templated":true}]}}