{"id":9062,"date":"2022-08-29T16:47:11","date_gmt":"2022-08-29T14:47:11","guid":{"rendered":"https:\/\/adamietz.waw.pl\/glowna\/"},"modified":"2025-10-08T15:39:31","modified_gmt":"2025-10-08T13:39:31","slug":"glowna","status":"publish","type":"page","link":"https:\/\/adamietz.waw.pl\/de\/","title":{"rendered":"Strona g\u0142\u00f3wna"},"content":{"rendered":"\n\n    <section class=\"oferta_main_cont full_width_cont\">\r\n        <div class=\"oferta_main_cont_inner\">\r\n                    \r\n                <div class=\"oferta_main_block\">\r\n                    <a class=\"oferta_main_block_inner\" href=\"https:\/\/adamietz.waw.pl\/de\/data-center\/\">\r\n                        <div>\r\n                            <img decoding=\"async\" src=\"https:\/\/adamietz.waw.pl\/wp-content\/uploads\/2023\/10\/data3-1-e1706015888112.webp\" alt=\"\">\r\n                        <\/div>\r\n                        \r\n                        <div class=\"default_btn\"><div>Data Center<\/div><\/div>\r\n                    <\/a>\r\n                <\/div>\r\n            \r\n                        \r\n                <div class=\"oferta_main_block\">\r\n                    <a class=\"oferta_main_block_inner\" href=\"https:\/\/adamietz.waw.pl\/de\/obiekty-przemyslowe\/\">\r\n                        <div>\r\n                            <img decoding=\"async\" src=\"https:\/\/adamietz.waw.pl\/wp-content\/uploads\/2023\/09\/AdobeStock_688208786.webp\" alt=\"\">\r\n                        <\/div>\r\n                        \r\n                        <div class=\"default_btn\"><div>Obiekty przemys\u0142owe<\/div><\/div>\r\n                    <\/a>\r\n                <\/div>\r\n            \r\n                        \r\n                <div class=\"oferta_main_block\">\r\n                    <a class=\"oferta_main_block_inner\" href=\"https:\/\/adamietz.waw.pl\/de\/obiekty-mieszkaniowe\/\">\r\n                        <div>\r\n                            <img decoding=\"async\" src=\"https:\/\/adamietz.waw.pl\/wp-content\/uploads\/2023\/09\/G5_ATRIUM_EXT_03_014.png\" alt=\"\">\r\n                        <\/div>\r\n                        \r\n                        <div class=\"default_btn\"><div>Obiekty mieszkaniowe<\/div><\/div>\r\n                    <\/a>\r\n                <\/div>\r\n            \r\n                        \r\n                <div class=\"oferta_main_block\">\r\n                    <a class=\"oferta_main_block_inner\" href=\"https:\/\/adamietz.waw.pl\/de\/obiekty-komercyjne\/\">\r\n                        <div>\r\n                            <img decoding=\"async\" src=\"https:\/\/adamietz.waw.pl\/wp-content\/uploads\/2022\/09\/2.png\" alt=\"\">\r\n                        <\/div>\r\n                        \r\n                        <div class=\"default_btn\"><div>Obiekty komercyjne<\/div><\/div>\r\n                    <\/a>\r\n                <\/div>\r\n            \r\n                        \r\n                <div class=\"oferta_main_block\">\r\n                    <a class=\"oferta_main_block_inner\" href=\"https:\/\/adamietz.waw.pl\/de\/obiekty-uzytecznosci-publicznej\/\">\r\n                        <div>\r\n                            <img decoding=\"async\" src=\"https:\/\/adamietz.waw.pl\/wp-content\/uploads\/2022\/09\/210238359_m_normal_none-scaled.webp\" alt=\"\">\r\n                        <\/div>\r\n                        \r\n                        <div class=\"default_btn\"><div>Obiekty u\u017cyteczno\u015bci publicznej<\/div><\/div>\r\n                    <\/a>\r\n                <\/div>\r\n            \r\n                        \r\n                <div class=\"oferta_main_block\">\r\n                    <a class=\"oferta_main_block_inner\" href=\"https:\/\/adamietz.waw.pl\/de\/obiekty-medyczne\/\">\r\n                        <div>\r\n                            <img decoding=\"async\" src=\"https:\/\/adamietz.waw.pl\/wp-content\/uploads\/2023\/09\/D5_Image_20230223_114245.jpg\" alt=\"\">\r\n                        <\/div>\r\n                        \r\n                        <div class=\"default_btn\"><div>Obiekty medyczne<\/div><\/div>\r\n                    <\/a>\r\n                <\/div>\r\n            \r\n              \r\n        <\/div>\r\n    <\/section>\r\n    \n\n\r\n<section class=\"main_block full_width_cont \">\r\n    <div class=\"main_block_inner \">\r\n    <div class=\"main_block_txt\">\r\n                    <div class=\"double_header\">\r\n                            <h3 class=\"double_header1\">KIM JESTE\u015aMY?<\/h3>\r\n                                <h2 class=\"double_header2\">ADAMIETZ WARSZAWA<\/h3>\r\n                            <\/div>\r\n            <p>ADAMIETZ Warszawa sp. z o.o. to zesp\u00f3\u0142 do\u015bwiadczonych i wykwalifikowanych specjalist\u00f3w w bran\u017cy budowlanej. Jako generalny wykonawca wznosimy na zlecenie klienta funkcjonalne budynki u\u017cyteczno\u015bci publicznej, mieszkalne oraz obiekty medyczne a tak\u017ce przestrzenie przemys\u0142owe \u2014 od projektu po wyko\u0144czenie \u2013 bez wzgl\u0119du na charakter obiektu. Kreujemy przestrzenie \u0142\u0105cz\u0105c do\u015bwiadczenie i wiedz\u0119 z nowoczesnymi metodami projektowania w BIMie, co pozwala na bezkolizyjne planowanie procesu realizacji inwestycji.<\/p>\n<p>Dzi\u0119ki posiadanej wiedzy i umiej\u0119tno\u015bciom w zakresie zarz\u0105dzania projektami, kt\u00f3re cz\u0142onkowie naszego zespo\u0142u maj\u0105 w swoim portfolio zawodowym, jeste\u015bmy w stanie zapewni\u0107 pe\u0142ne wsparcie merytoryczne i organizacyjne na ka\u017cdym etapie realizacji inwestycji \u2014 od koncepcji po finalne wykonanie. Nasze dzia\u0142ania opieraj\u0105 si\u0119 na kluczowych warto\u015bciach takich jak: najwy\u017csza jako\u015b\u0107, niezale\u017cno\u015b\u0107 rynkowa, kompleksowo\u015b\u0107 \u015bwiadczonych us\u0142ug, fachowy potencja\u0142 wykonawczy. Prosta struktura w\u0142a\u015bcicielska i organizacyjna, a tak\u017ce wieloletnie do\u015bwiadczenie w zarz\u0105dzaniu inwestycjami, pozwala nam bardzo szybko reagowa\u0107 na potrzeby naszych klient\u00f3w i partner\u00f3w.<\/p>\n    <\/div>\r\n    \r\n    <div class=\"main_block_img\">\r\n        <img decoding=\"async\" src=\"https:\/\/adamietz.waw.pl\/wp-content\/uploads\/2023\/11\/park-ostrobramska-etap-2-1.jpg\" alt=\"\">\r\n        \r\n            \r\n                            <div class=\"btn_cont\">\r\n                    <a href=\"\/o-firmie\/\" class=\"default_btn\"><div>CZYTAJ WI\u0118CEJ<\/div><\/a>\r\n                <\/div>\r\n                       \r\n    <\/div>\r\n    <\/div>\r\n<\/section>\n\n\n<div style=\"height:77px\" aria-hidden=\"true\" class=\"wp-block-spacer\"><\/div>\n\n\n<section class=\"poznaj_cont full_width_cont o_nas_galeria_blocks\">\r\n    <div class=\"poznaj_block\">\r\n        <div>\r\n            <h3 class=\"double_header1\">O NAS<\/h3>\r\n            <h2 class=\"double_header2\">ADAMIETZ WARSZAWA<\/h3>\r\n        <\/div>\r\n    <\/div>\r\n\r\n\r\n    <div class=\"poznaj_block poznaj_block_content\" style=\"background:url('https:\/\/adamietz.waw.pl\/wp-content\/uploads\/2024\/02\/1.jpg');\"><img decoding=\"async\" src=\"https:\/\/adamietz.waw.pl\/wp-content\/uploads\/2023\/07\/Warstwa_1-12.svg\" alt=\"\"><div><h3>25 lat do\u015bwiadczenia<br \/>\nNaszej kadry<\/h3>\n<\/div><\/div>\r\n\r\n\r\n    \r\n    <div class=\"parent-container poznaj_block \"> \r\n        <div data-mfp-src=\"https:\/\/adamietz.waw.pl\/wp-content\/uploads\/2024\/02\/2.jpg\" class=\"poznaj_inner\" style=\"background:url('https:\/\/adamietz.waw.pl\/wp-content\/uploads\/2024\/02\/2.jpg');\"><\/div>\r\n    <\/div>  \r\n    \r\n\r\n\r\n    \r\n   \r\n    \r\n    \r\n    \r\n   \r\n\r\n    <div class=\"parent-container poznaj_block\"> \r\n        <div data-mfp-src=\"https:\/\/adamietz.waw.pl\/wp-content\/uploads\/2024\/01\/AdobeStock_266633507.jpeg\" class=\"poznaj_inner\" style=\"background:url('https:\/\/adamietz.waw.pl\/wp-content\/uploads\/2024\/01\/AdobeStock_266633507.jpeg');\"><\/div>\r\n    <\/div> \r\n    \r\n    <div class=\"parent-container poznaj_block \"> \r\n        <div data-mfp-src=\"https:\/\/adamietz.waw.pl\/wp-content\/uploads\/2023\/09\/Grojec_2_PS-1.png\" class=\"poznaj_inner\" style=\"background:url('https:\/\/adamietz.waw.pl\/wp-content\/uploads\/2023\/09\/Grojec_2_PS-1.png');\"><\/div>\r\n    <\/div> \r\n\r\n\r\n    <div class=\"poznaj_block poznaj_block_content\" style=\"background:url('https:\/\/adamietz.waw.pl\/wp-content\/uploads\/2024\/02\/5.jpg');\"><img decoding=\"async\" src=\"https:\/\/adamietz.waw.pl\/wp-content\/uploads\/2023\/07\/Group_2542.svg\" alt=\"\"><div><h3>11 Zrealizowanych inwestycji<br \/>\n13 Inwestycji w toku<\/h3>\n<\/div><\/div>\r\n    \r\n    \r\n    <div class=\"parent-container poznaj_block\"> \r\n        <div data-mfp-src=\"https:\/\/adamietz.waw.pl\/wp-content\/uploads\/2023\/03\/cd-projekt-2.jpeg\" class=\"poznaj_inner\" style=\"background:url('https:\/\/adamietz.waw.pl\/wp-content\/uploads\/2023\/03\/cd-projekt-2.jpeg');\"><\/div>\r\n    <\/div> \r\n\r\n\r\n    <div class=\"poznaj_block poznaj_block_content\" style=\"background:url('https:\/\/adamietz.waw.pl\/wp-content\/uploads\/2024\/02\/7.jpg');\"><img decoding=\"async\" src=\"https:\/\/adamietz.waw.pl\/wp-content\/uploads\/2023\/07\/Warstwa_1-13.svg\" alt=\"\"><div><h3>ponad 160 wykwalifikowanych<br \/>\ni do\u015bwiadczonych pracownik\u00f3w<\/h3>\n<\/div><\/div>\r\n\r\n\r\n\r\n\r\n\r\n\r\n\r\n\r\n    <div class=\"poznaj_block poznaj_block_content\" style=\"background:url('https:\/\/adamietz.waw.pl\/wp-content\/uploads\/2024\/02\/8.jpg');\"><img decoding=\"async\" src=\"https:\/\/adamietz.waw.pl\/wp-content\/uploads\/2023\/07\/Group_2450.svg\" alt=\"\"><div><h3>Kompleksowa<br \/>\noferta<\/h3>\n<\/div><\/div>\r\n\r\n\r\n\r\n    <div class=\"parent-container poznaj_block\"> \r\n        <div data-mfp-src=\"https:\/\/adamietz.waw.pl\/wp-content\/uploads\/2024\/01\/enhanced-image-2.png\" class=\"poznaj_inner\" style=\"background:url('https:\/\/adamietz.waw.pl\/wp-content\/uploads\/2024\/01\/enhanced-image-2.png');\"><\/div>\r\n    <\/div> \r\n\r\n    <div class=\"poznaj_block poznaj_block_content\" style=\"background:url('https:\/\/adamietz.waw.pl\/wp-content\/uploads\/2024\/02\/10.jpg');\"><img decoding=\"async\" src=\"https:\/\/adamietz.waw.pl\/wp-content\/uploads\/2022\/09\/ikona_kolaz_05.svg\" alt=\"\"><div><h3>Silne zdolno\u015bci<br \/>\norganizacyjne<\/h3>\n<\/div><\/div>\r\n    <div class=\"poznaj_block poznaj_block_content\" style=\"background:url('https:\/\/adamietz.waw.pl\/wp-content\/uploads\/2024\/02\/11.jpg');\"><img decoding=\"async\" src=\"https:\/\/adamietz.waw.pl\/wp-content\/uploads\/2023\/09\/Warstwa_1-2.svg\" alt=\"\"><div><h3>Najwy\u017csze<br \/>\nstandardy<\/h3>\n<\/div><\/div>\r\n\r\n    \r\n    \r\n    <div class=\"parent-container poznaj_block\"> \r\n        <div data-mfp-src=\"https:\/\/adamietz.waw.pl\/wp-content\/uploads\/2024\/02\/Foto-Ostrobramska-kopia.jpg\" class=\"poznaj_inner\" style=\"background:url('https:\/\/adamietz.waw.pl\/wp-content\/uploads\/2024\/02\/Foto-Ostrobramska-kopia.jpg');\"><\/div>\r\n    <\/div>\r\n\r\n\r\n    <div class=\"poza_praca_galeria parent-container\" style=\"display:none;\">\r\n            <\/div>\r\n\r\n\r\n<\/section>\n\n        <div class=\"double_header\">\r\n                    <h3 class=\"double_header1\">PARTNERZY<\/h3>\r\n                        <h2 class=\"double_header2\">Marki Grupy ADAMIETZ<\/h3>\r\n                    <\/div>\r\n        \n\n<!---\r\n<section class=\"nasze_marki_cont\">\r\n                    <a href=\"https:\/\/adamietz.waw.pl\/en\/nasze_marki\/adamietz\/\"><img decoding=\"async\" src=\"https:\/\/adamietz.waw.pl\/wp-content\/uploads\/2022\/09\/adamietz_logo_niebieski_rgb-1.svg\" alt=\"logo\"><\/a>\r\n                                <a href=\"https:\/\/adamietz.waw.pl\/de\/nasze_marki\/adamietz\/\"><img decoding=\"async\" src=\"https:\/\/adamietz.waw.pl\/wp-content\/uploads\/2022\/09\/adamietz_logo_niebieski_rgb-1.svg\" alt=\"logo\"><\/a>\r\n                                <a href=\"https:\/\/adamietz.waw.pl\/nasze_marki\/adamietz\/\"><img decoding=\"async\" src=\"https:\/\/adamietz.waw.pl\/wp-content\/uploads\/2022\/09\/adamietz_logo_niebieski_rgb-1.svg\" alt=\"logo\"><\/a>\r\n                                <a href=\"https:\/\/adamietz.waw.pl\/en\/nasze_marki\/arpanel\/\"><img decoding=\"async\" src=\"https:\/\/adamietz.waw.pl\/wp-content\/uploads\/2022\/09\/arpanel_logo.svg\" alt=\"logo\"><\/a>\r\n                                <a href=\"https:\/\/adamietz.waw.pl\/de\/nasze_marki\/arpanel\/\"><img decoding=\"async\" src=\"https:\/\/adamietz.waw.pl\/wp-content\/uploads\/2022\/09\/arpanel_logo.svg\" alt=\"logo\"><\/a>\r\n                                <a href=\"https:\/\/adamietz.waw.pl\/nasze_marki\/arpanel\/\"><img decoding=\"async\" src=\"https:\/\/adamietz.waw.pl\/wp-content\/uploads\/2022\/09\/arpanel_logo.svg\" alt=\"logo\"><\/a>\r\n                                <a href=\"https:\/\/adamietz.waw.pl\/nasze_marki\/formopex\/\"><img decoding=\"async\" src=\"https:\/\/adamietz.waw.pl\/wp-content\/uploads\/2022\/08\/logo-Formopex-1.svg\" alt=\"logo\"><\/a>\r\n                                <a href=\"https:\/\/adamietz.waw.pl\/en\/nasze_marki\/formopex\/\"><img decoding=\"async\" src=\"https:\/\/adamietz.waw.pl\/wp-content\/uploads\/2022\/08\/logo-Formopex-1.svg\" alt=\"logo\"><\/a>\r\n                                <a href=\"https:\/\/adamietz.waw.pl\/de\/nasze_marki\/formopex\/\"><img decoding=\"async\" src=\"https:\/\/adamietz.waw.pl\/wp-content\/uploads\/2022\/08\/logo-Formopex-1.svg\" alt=\"logo\"><\/a>\r\n                                <a href=\"https:\/\/adamietz.waw.pl\/nasze_marki\/prefar\/\"><img decoding=\"async\" src=\"https:\/\/adamietz.waw.pl\/wp-content\/uploads\/2022\/08\/logo_prefar.svg\" alt=\"logo\"><\/a>\r\n                                <a href=\"https:\/\/adamietz.waw.pl\/en\/nasze_marki\/prefar\/\"><img decoding=\"async\" src=\"https:\/\/adamietz.waw.pl\/wp-content\/uploads\/2022\/08\/logo_prefar.svg\" alt=\"logo\"><\/a>\r\n                                <a href=\"https:\/\/adamietz.waw.pl\/de\/nasze_marki\/prefar\/\"><img decoding=\"async\" src=\"https:\/\/adamietz.waw.pl\/wp-content\/uploads\/2022\/08\/logo_prefar.svg\" alt=\"logo\"><\/a>\r\n                                <a href=\"https:\/\/adamietz.waw.pl\/nasze_marki\/rialex\/\"><img decoding=\"async\" src=\"https:\/\/adamietz.waw.pl\/wp-content\/uploads\/2022\/10\/Rialex_logo_web-2.svg\" alt=\"logo\"><\/a>\r\n                                <a href=\"https:\/\/adamietz.waw.pl\/en\/nasze_marki\/rialex\/\"><img decoding=\"async\" src=\"https:\/\/adamietz.waw.pl\/wp-content\/uploads\/2022\/10\/Rialex_logo_web-2.svg\" alt=\"logo\"><\/a>\r\n                                <a href=\"https:\/\/adamietz.waw.pl\/de\/nasze_marki\/rialex\/\"><img decoding=\"async\" src=\"https:\/\/adamietz.waw.pl\/wp-content\/uploads\/2022\/10\/Rialex_logo_web-2.svg\" alt=\"logo\"><\/a>\r\n                <\/section>\r\n--->\r\n\r\n<section class=\"nasze_marki_cont\">\r\n                    <a href=\"https:\/\/www.adamietz.pl\" target=\"_blank\"><img decoding=\"async\" src=\"https:\/\/adamietz.waw.pl\/wp-content\/uploads\/2022\/09\/adamietz_logo_niebieski_rgb.svg\" alt=\"logo\"><\/a>\r\n                                <a href=\"https:\/\/www.arpanel.pl\" target=\"_blank\"><img decoding=\"async\" src=\"https:\/\/adamietz.waw.pl\/wp-content\/uploads\/2022\/09\/arpanel_logo.svg\" alt=\"logo\"><\/a>\r\n                                <a href=\"https:\/\/www.formopex.pl\" target=\"_blank\"><img decoding=\"async\" src=\"https:\/\/adamietz.waw.pl\/wp-content\/uploads\/2022\/08\/logo-Formopex-1.svg\" alt=\"logo\"><\/a>\r\n                                <a href=\"https:\/\/www.prefar.pl\" target=\"_blank\"><img decoding=\"async\" src=\"https:\/\/adamietz.waw.pl\/wp-content\/uploads\/2022\/08\/logo_prefar.svg\" alt=\"logo\"><\/a>\r\n                                <a href=\"https:\/\/www.rialex.com.pl\" target=\"_blank\"><img decoding=\"async\" src=\"https:\/\/adamietz.waw.pl\/wp-content\/uploads\/2022\/10\/Rialex_logo_web-2.svg\" alt=\"logo\"><\/a>\r\n                <\/section>\r\n","protected":false},"excerpt":{"rendered":"","protected":false},"author":21,"featured_media":0,"parent":0,"menu_order":0,"comment_status":"closed","ping_status":"closed","template":"","meta":{"_acf_changed":false,"inline_featured_image":false,"footnotes":""},"class_list":["post-9062","page","type-page","status-publish","hentry"],"acf":[],"yoast_head":"<!-- This site is optimized with the Yoast SEO plugin v27.5 - https:\/\/yoast.com\/product\/yoast-seo-wordpress\/ -->\n<title>Strona g\u0142\u00f3wna - Adamietz Warszawa<\/title>\n<meta name=\"robots\" content=\"index, follow, max-snippet:-1, max-image-preview:large, max-video-preview:-1\" \/>\n<link rel=\"canonical\" href=\"https:\/\/adamietz.waw.pl\/de\/\" \/>\n<meta property=\"og:locale\" content=\"de_DE\" \/>\n<meta property=\"og:type\" content=\"article\" \/>\n<meta property=\"og:title\" content=\"Strona g\u0142\u00f3wna - Adamietz Warszawa\" \/>\n<meta property=\"og:url\" content=\"https:\/\/adamietz.waw.pl\/de\/\" \/>\n<meta property=\"og:site_name\" content=\"Adamietz Warszawa\" \/>\n<meta property=\"article:modified_time\" content=\"2025-10-08T13:39:31+00:00\" \/>\n<meta name=\"twitter:card\" content=\"summary_large_image\" \/>\n<script type=\"application\/ld+json\" class=\"yoast-schema-graph\">{\"@context\":\"https:\\\/\\\/schema.org\",\"@graph\":[{\"@type\":\"WebPage\",\"@id\":\"https:\\\/\\\/adamietz.waw.pl\\\/de\\\/\",\"url\":\"https:\\\/\\\/adamietz.waw.pl\\\/de\\\/\",\"name\":\"Strona g\u0142\u00f3wna - Adamietz Warszawa\",\"isPartOf\":{\"@id\":\"https:\\\/\\\/adamietz.waw.pl\\\/#website\"},\"datePublished\":\"2022-08-29T14:47:11+00:00\",\"dateModified\":\"2025-10-08T13:39:31+00:00\",\"breadcrumb\":{\"@id\":\"https:\\\/\\\/adamietz.waw.pl\\\/de\\\/#breadcrumb\"},\"inLanguage\":\"de\",\"potentialAction\":[{\"@type\":\"ReadAction\",\"target\":[\"https:\\\/\\\/adamietz.waw.pl\\\/de\\\/\"]}]},{\"@type\":\"BreadcrumbList\",\"@id\":\"https:\\\/\\\/adamietz.waw.pl\\\/de\\\/#breadcrumb\",\"itemListElement\":[{\"@type\":\"ListItem\",\"position\":1,\"name\":\"Strona g\u0142\u00f3wna\",\"item\":\"https:\\\/\\\/adamietz.waw.pl\\\/de\\\/\"},{\"@type\":\"ListItem\",\"position\":2,\"name\":\"Strona g\u0142\u00f3wna\"}]},{\"@type\":\"WebSite\",\"@id\":\"https:\\\/\\\/adamietz.waw.pl\\\/#website\",\"url\":\"https:\\\/\\\/adamietz.waw.pl\\\/\",\"name\":\"Adamietz Warszawa\",\"description\":\"Obs\u0142uga inwestycji budowlanych, konstrukcje stalowe, generalne wykonawstwo, budowa hal\",\"publisher\":{\"@id\":\"https:\\\/\\\/adamietz.waw.pl\\\/#organization\"},\"potentialAction\":[{\"@type\":\"SearchAction\",\"target\":{\"@type\":\"EntryPoint\",\"urlTemplate\":\"https:\\\/\\\/adamietz.waw.pl\\\/?s={search_term_string}\"},\"query-input\":{\"@type\":\"PropertyValueSpecification\",\"valueRequired\":true,\"valueName\":\"search_term_string\"}}],\"inLanguage\":\"de\"},{\"@type\":\"Organization\",\"@id\":\"https:\\\/\\\/adamietz.waw.pl\\\/#organization\",\"name\":\"Adamietz Warszawa\",\"url\":\"https:\\\/\\\/adamietz.waw.pl\\\/\",\"logo\":{\"@type\":\"ImageObject\",\"inLanguage\":\"de\",\"@id\":\"https:\\\/\\\/adamietz.waw.pl\\\/#\\\/schema\\\/logo\\\/image\\\/\",\"url\":\"https:\\\/\\\/adamietz.waw.pl\\\/wp-content\\\/uploads\\\/2024\\\/02\\\/adamietz_logo_warszawa_granat.svg\",\"contentUrl\":\"https:\\\/\\\/adamietz.waw.pl\\\/wp-content\\\/uploads\\\/2024\\\/02\\\/adamietz_logo_warszawa_granat.svg\",\"width\":238,\"height\":39,\"caption\":\"Adamietz Warszawa\"},\"image\":{\"@id\":\"https:\\\/\\\/adamietz.waw.pl\\\/#\\\/schema\\\/logo\\\/image\\\/\"}}]}<\/script>\n<!-- \/ Yoast SEO plugin. -->","yoast_head_json":{"title":"Strona g\u0142\u00f3wna - Adamietz Warszawa","robots":{"index":"index","follow":"follow","max-snippet":"max-snippet:-1","max-image-preview":"max-image-preview:large","max-video-preview":"max-video-preview:-1"},"canonical":"https:\/\/adamietz.waw.pl\/de\/","og_locale":"de_DE","og_type":"article","og_title":"Strona g\u0142\u00f3wna - Adamietz Warszawa","og_url":"https:\/\/adamietz.waw.pl\/de\/","og_site_name":"Adamietz Warszawa","article_modified_time":"2025-10-08T13:39:31+00:00","twitter_card":"summary_large_image","schema":{"@context":"https:\/\/schema.org","@graph":[{"@type":"WebPage","@id":"https:\/\/adamietz.waw.pl\/de\/","url":"https:\/\/adamietz.waw.pl\/de\/","name":"Strona g\u0142\u00f3wna - Adamietz Warszawa","isPartOf":{"@id":"https:\/\/adamietz.waw.pl\/#website"},"datePublished":"2022-08-29T14:47:11+00:00","dateModified":"2025-10-08T13:39:31+00:00","breadcrumb":{"@id":"https:\/\/adamietz.waw.pl\/de\/#breadcrumb"},"inLanguage":"de","potentialAction":[{"@type":"ReadAction","target":["https:\/\/adamietz.waw.pl\/de\/"]}]},{"@type":"BreadcrumbList","@id":"https:\/\/adamietz.waw.pl\/de\/#breadcrumb","itemListElement":[{"@type":"ListItem","position":1,"name":"Strona g\u0142\u00f3wna","item":"https:\/\/adamietz.waw.pl\/de\/"},{"@type":"ListItem","position":2,"name":"Strona g\u0142\u00f3wna"}]},{"@type":"WebSite","@id":"https:\/\/adamietz.waw.pl\/#website","url":"https:\/\/adamietz.waw.pl\/","name":"Adamietz Warszawa","description":"Obs\u0142uga inwestycji budowlanych, konstrukcje stalowe, generalne wykonawstwo, budowa hal","publisher":{"@id":"https:\/\/adamietz.waw.pl\/#organization"},"potentialAction":[{"@type":"SearchAction","target":{"@type":"EntryPoint","urlTemplate":"https:\/\/adamietz.waw.pl\/?s={search_term_string}"},"query-input":{"@type":"PropertyValueSpecification","valueRequired":true,"valueName":"search_term_string"}}],"inLanguage":"de"},{"@type":"Organization","@id":"https:\/\/adamietz.waw.pl\/#organization","name":"Adamietz Warszawa","url":"https:\/\/adamietz.waw.pl\/","logo":{"@type":"ImageObject","inLanguage":"de","@id":"https:\/\/adamietz.waw.pl\/#\/schema\/logo\/image\/","url":"https:\/\/adamietz.waw.pl\/wp-content\/uploads\/2024\/02\/adamietz_logo_warszawa_granat.svg","contentUrl":"https:\/\/adamietz.waw.pl\/wp-content\/uploads\/2024\/02\/adamietz_logo_warszawa_granat.svg","width":238,"height":39,"caption":"Adamietz Warszawa"},"image":{"@id":"https:\/\/adamietz.waw.pl\/#\/schema\/logo\/image\/"}}]}},"_links":{"self":[{"href":"https:\/\/adamietz.waw.pl\/de\/wp-json\/wp\/v2\/pages\/9062","targetHints":{"allow":["GET"]}}],"collection":[{"href":"https:\/\/adamietz.waw.pl\/de\/wp-json\/wp\/v2\/pages"}],"about":[{"href":"https:\/\/adamietz.waw.pl\/de\/wp-json\/wp\/v2\/types\/page"}],"author":[{"embeddable":true,"href":"https:\/\/adamietz.waw.pl\/de\/wp-json\/wp\/v2\/users\/21"}],"replies":[{"embeddable":true,"href":"https:\/\/adamietz.waw.pl\/de\/wp-json\/wp\/v2\/comments?post=9062"}],"version-history":[{"count":3,"href":"https:\/\/adamietz.waw.pl\/de\/wp-json\/wp\/v2\/pages\/9062\/revisions"}],"predecessor-version":[{"id":10197,"href":"https:\/\/adamietz.waw.pl\/de\/wp-json\/wp\/v2\/pages\/9062\/revisions\/10197"}],"wp:attachment":[{"href":"https:\/\/adamietz.waw.pl\/de\/wp-json\/wp\/v2\/media?parent=9062"}],"curies":[{"name":"wp","href":"https:\/\/api.w.org\/{rel}","templated":true}]}}